{"id":7444,"date":"2024-11-26T15:17:25","date_gmt":"2024-11-26T15:17:25","guid":{"rendered":"https:\/\/thecoosyheavens.com\/?page_id=7444"},"modified":"2025-07-06T21:58:29","modified_gmt":"2025-07-06T21:58:29","slug":"actualites","status":"publish","type":"page","link":"https:\/\/thecoosyheavens.com\/en\/actualites\/","title":{"rendered":"Latest News"},"content":{"rendered":"<div data-elementor-type=\"wp-page\" data-elementor-id=\"7444\" class=\"elementor elementor-7444\">\n\t\t\t\t<div class=\"elementor-element elementor-element-400b592 e-flex e-con-boxed e-con e-parent\" data-id=\"400b592\" data-element_type=\"container\" data-e-type=\"container\">\n\t\t\t\t\t<div class=\"e-con-inner\">\n\t\t\t\t<div class=\"elementor-element elementor-element-169f2ed elementor-widget elementor-widget-heading\" data-id=\"169f2ed\" data-element_type=\"widget\" data-e-type=\"widget\" data-widget_type=\"heading.default\">\n\t\t\t\t<div class=\"elementor-widget-container\">\n\t\t\t\t\t<h1 class=\"elementor-heading-title elementor-size-default\">THE COOSY HEAVENS NEWS &amp; UPDATES\u00a0<\/h1>\t\t\t\t<\/div>\n\t\t\t\t<\/div>\n\t\t\t\t<div class=\"elementor-element elementor-element-692a799 elementor-widget elementor-widget-text-editor\" data-id=\"692a799\" data-element_type=\"widget\" data-e-type=\"widget\" data-widget_type=\"text-editor.default\">\n\t\t\t\t<div class=\"elementor-widget-container\">\n\t\t\t\t\t\t\t\t\t<p data-start=\"123\" data-end=\"184\">An Overview of the Short-Term Rental Universe<\/p><p data-start=\"186\" data-end=\"384\">At <strong data-start=\"191\" data-end=\"212\">The Coosy Heavens<\/strong>, we keep you informed about the latest news, regulatory changes, Airbnb trends, and key events to help you grow your business with complete peace of mind.<\/p>\t\t\t\t\t\t\t\t<\/div>\n\t\t\t\t<\/div>\n\t\t\t\t<div class=\"elementor-element elementor-element-ef79ef3 elementor-widget elementor-widget-qi_addons_for_elementor_blog_list\" data-id=\"ef79ef3\" data-element_type=\"widget\" data-e-type=\"widget\" data-widget_type=\"qi_addons_for_elementor_blog_list.default\">\n\t\t\t\t<div class=\"elementor-widget-container\">\n\t\t\t\t\t<div class=\"qodef-shortcode qodef-m qodef-addons-blog-list qodef-info-no-icons qodef-image--hover-zoom qodef-qi-grid qodef-layout--qi-masonry qodef-col-num--3 qodef-item-layout--boxed qodef-responsive--predefined\" >\n\t<div class=\"qodef-grid-inner\">\n\t\t\t<div class=\"qodef-qi-grid-masonry-sizer\"><\/div>\n<article class=\"qodef-e qodef-blog-item qodef-grid-item post-1825 post type-post status-publish format-standard has-post-thumbnail hentry category-blog tag-accommodation tag-city tag-travel\">\n\t<div class=\"qodef-e-inner\">\n\t\t<div class=\"qodef-e-media-holder\">\n\t\t\t<div class=\"qodef-e-media\">\n\t\t<div class=\"qodef-e-media-image\">\n\t\t<a itemprop=\"url\" href=\"https:\/\/thecoosyheavens.com\/en\/perdu-gestion-location\/\">\n\t\t\t<img fetchpriority=\"high\" decoding=\"async\" width=\"4000\" height=\"2250\" src=\"https:\/\/thecoosyheavens.com\/wp-content\/uploads\/2024\/11\/1-1.png\" class=\"attachment- size-\" alt=\"\" srcset=\"https:\/\/thecoosyheavens.com\/wp-content\/uploads\/2024\/11\/1-1.png 4000w, https:\/\/thecoosyheavens.com\/wp-content\/uploads\/2024\/11\/1-1-300x169.png 300w, https:\/\/thecoosyheavens.com\/wp-content\/uploads\/2024\/11\/1-1-1024x576.png 1024w, https:\/\/thecoosyheavens.com\/wp-content\/uploads\/2024\/11\/1-1-768x432.png 768w, https:\/\/thecoosyheavens.com\/wp-content\/uploads\/2024\/11\/1-1-1536x864.png 1536w, https:\/\/thecoosyheavens.com\/wp-content\/uploads\/2024\/11\/1-1-2048x1152.png 2048w, https:\/\/thecoosyheavens.com\/wp-content\/uploads\/2024\/11\/1-1-18x10.png 18w, https:\/\/thecoosyheavens.com\/wp-content\/uploads\/2024\/11\/1-1-600x338.png 600w\" sizes=\"(max-width: 4000px) 100vw, 4000px\" \/>\t\t<\/a>\n\t\t\t<\/div>\n<\/div>\n\t\t<\/div>\n\t\t<div class=\"qodef-e-content\">\n\t\t\t\t\t\t\t<div class=\"qodef-e-info qodef-info--top\">\n\t\t\t\t\t<div class=\"qodef-e-info-item qodef-e-info-category\">\n\t\t<a href=\"https:\/\/thecoosyheavens.com\/en\/category\/blog\/\" rel=\"category tag\">News &amp; Articles<\/a><\/div>\n\t\t\t\t<\/div>\n\t\t\t\t\t\t<div class=\"qodef-e-text\">\n\t\t\t\t<h5 itemprop=\"name\" class=\"qodef-e-title entry-title\">\n\t<a itemprop=\"url\" class=\"qodef-e-title-link\" href=\"https:\/\/thecoosyheavens.com\/en\/perdu-gestion-location\/\">\n\t\tPerdu dans la gestion de sa location\t<\/a>\n<\/h5>\n\t\t<p itemprop=\"description\" class=\"qodef-e-excerpt\">\n\t\t\tLorem ipsum dolor sit amet, consectetur adipiscing elit. Nullam blandit hendrerit faucibus. Suspendisse hendrerit turpis dui, eget ultricies erat consequat ut. Sed ac velit iaculis\t\t<\/p>\n\t\t\t\t<\/div>\n\t\t\t\t\t<\/div>\n\t<\/div>\n<\/article>\n<article class=\"qodef-e qodef-blog-item qodef-grid-item post-1822 post type-post status-publish format-standard hentry category-blog tag-accommodation tag-city tag-travel\">\n\t<div class=\"qodef-e-inner\">\n\t\t<div class=\"qodef-e-media-holder\">\n\t\t\t<div class=\"qodef-e-media\">\n\t<\/div>\n\t\t<\/div>\n\t\t<div class=\"qodef-e-content\">\n\t\t\t\t\t\t\t<div class=\"qodef-e-info qodef-info--top\">\n\t\t\t\t\t<div class=\"qodef-e-info-item qodef-e-info-category\">\n\t\t<a href=\"https:\/\/thecoosyheavens.com\/en\/category\/blog\/\" rel=\"category tag\">News &amp; Articles<\/a><\/div>\n\t\t\t\t<\/div>\n\t\t\t\t\t\t<div class=\"qodef-e-text\">\n\t\t\t\t<h5 itemprop=\"name\" class=\"qodef-e-title entry-title\">\n\t<a itemprop=\"url\" class=\"qodef-e-title-link\" href=\"https:\/\/thecoosyheavens.com\/en\/besoin-logement-courte-duree\/\">\n\t\tBesoin d&rsquo;un logement \u00e0 courte dur\u00e9e\t<\/a>\n<\/h5>\n\t\t<p itemprop=\"description\" class=\"qodef-e-excerpt\">\n\t\t\tLorem ipsum dolor sit amet, consectetur adipiscing elit. Nullam blandit hendrerit faucibus. Suspendisse hendrerit turpis dui, eget ultricies erat consequat ut. Sed ac velit iaculis\t\t<\/p>\n\t\t\t\t<\/div>\n\t\t\t\t\t<\/div>\n\t<\/div>\n<\/article>\n<article class=\"qodef-e qodef-blog-item qodef-grid-item post-1819 post type-post status-publish format-standard hentry category-blog tag-accommodation tag-city tag-travel\">\n\t<div class=\"qodef-e-inner\">\n\t\t<div class=\"qodef-e-media-holder\">\n\t\t\t<div class=\"qodef-e-media\">\n\t<\/div>\n\t\t<\/div>\n\t\t<div class=\"qodef-e-content\">\n\t\t\t\t\t\t\t<div class=\"qodef-e-info qodef-info--top\">\n\t\t\t\t\t<div class=\"qodef-e-info-item qodef-e-info-category\">\n\t\t<a href=\"https:\/\/thecoosyheavens.com\/en\/category\/blog\/\" rel=\"category tag\">News &amp; Articles<\/a><\/div>\n\t\t\t\t<\/div>\n\t\t\t\t\t\t<div class=\"qodef-e-text\">\n\t\t\t\t<h5 itemprop=\"name\" class=\"qodef-e-title entry-title\">\n\t<a itemprop=\"url\" class=\"qodef-e-title-link\" href=\"https:\/\/thecoosyheavens.com\/en\/envie-tranquillite-gestion-location\/\">\n\t\tEnvie de tranquillit\u00e9 avec la gestion de sa location\t<\/a>\n<\/h5>\n\t\t<p itemprop=\"description\" class=\"qodef-e-excerpt\">\n\t\t\tLorem ipsum dolor sit amet, consectetur adipiscing elit. Nullam blandit hendrerit faucibus. Suspendisse hendrerit turpis dui, eget ultricies erat consequat ut. Sed ac velit iaculis\t\t<\/p>\n\t\t\t\t<\/div>\n\t\t\t\t\t<\/div>\n\t<\/div>\n<\/article>\n\t<\/div>\n\t<\/div>\n\t\t\t\t<\/div>\n\t\t\t\t<\/div>\n\t\t\t\t\t<\/div>\n\t\t\t\t<\/div>\n\t\t\t\t<\/div>","protected":false},"excerpt":{"rendered":"<p>LES ACTUALIT\u00c9S DE THE COOSY HEAVENS\u00a0 L\u2019univers de la location courte dur\u00e9e, en un coup d\u2019\u0153il Chez The Coosy Heavens, nous vous tenons inform\u00e9(e) des derni\u00e8res nouveaut\u00e9s, \u00e9volutions r\u00e9glementaires, tendances Airbnb et \u00e9v\u00e9nements cl\u00e9s, pour faire grandir votre activit\u00e9 en toute s\u00e9r\u00e9nit\u00e9. Blog Perdu dans la gestion de sa location Lorem ipsum dolor sit amet, [&hellip;]<\/p>\n","protected":false},"author":2,"featured_media":0,"parent":0,"menu_order":0,"comment_status":"closed","ping_status":"closed","template":"page-full-width.php","meta":{"footnotes":""},"class_list":["post-7444","page","type-page","status-publish","hentry"],"yoast_head":"<!-- This site is optimized with the Yoast SEO plugin v27.5 - https:\/\/yoast.com\/product\/yoast-seo-wordpress\/ -->\n<title>Actualit\u00e9s - The Coosy Heavens<\/title>\n<meta name=\"robots\" content=\"index, follow, max-snippet:-1, max-image-preview:large, max-video-preview:-1\" \/>\n<link rel=\"canonical\" href=\"https:\/\/thecoosyheavens.com\/en\/actualites\/\" \/>\n<meta property=\"og:locale\" content=\"en_US\" \/>\n<meta property=\"og:type\" content=\"article\" \/>\n<meta property=\"og:title\" content=\"Actualit\u00e9s - The Coosy Heavens\" \/>\n<meta property=\"og:description\" content=\"LES ACTUALIT\u00c9S DE THE COOSY HEAVENS\u00a0 L\u2019univers de la location courte dur\u00e9e, en un coup d\u2019\u0153il Chez The Coosy Heavens, nous vous tenons inform\u00e9(e) des derni\u00e8res nouveaut\u00e9s, \u00e9volutions r\u00e9glementaires, tendances Airbnb et \u00e9v\u00e9nements cl\u00e9s, pour faire grandir votre activit\u00e9 en toute s\u00e9r\u00e9nit\u00e9. Blog Perdu dans la gestion de sa location Lorem ipsum dolor sit amet, [&hellip;]\" \/>\n<meta property=\"og:url\" content=\"https:\/\/thecoosyheavens.com\/en\/actualites\/\" \/>\n<meta property=\"og:site_name\" content=\"The Coosy Heavens\" \/>\n<meta property=\"article:modified_time\" content=\"2025-07-06T21:58:29+00:00\" \/>\n<meta property=\"og:image\" content=\"https:\/\/thecoosyheavens.com\/wp-content\/uploads\/2024\/11\/1-1.png\" \/>\n<meta name=\"twitter:card\" content=\"summary_large_image\" \/>\n<meta name=\"twitter:label1\" content=\"Est. reading time\" \/>\n\t<meta name=\"twitter:data1\" content=\"1 minute\" \/>\n<script type=\"application\/ld+json\" class=\"yoast-schema-graph\">{\"@context\":\"https:\\\/\\\/schema.org\",\"@graph\":[{\"@type\":\"WebPage\",\"@id\":\"https:\\\/\\\/thecoosyheavens.com\\\/actualites\\\/\",\"url\":\"https:\\\/\\\/thecoosyheavens.com\\\/actualites\\\/\",\"name\":\"Actualit\u00e9s - The Coosy Heavens\",\"isPartOf\":{\"@id\":\"https:\\\/\\\/thecoosyheavens.com\\\/#website\"},\"primaryImageOfPage\":{\"@id\":\"https:\\\/\\\/thecoosyheavens.com\\\/actualites\\\/#primaryimage\"},\"image\":{\"@id\":\"https:\\\/\\\/thecoosyheavens.com\\\/actualites\\\/#primaryimage\"},\"thumbnailUrl\":\"https:\\\/\\\/thecoosyheavens.com\\\/wp-content\\\/uploads\\\/2024\\\/11\\\/1-1.png\",\"datePublished\":\"2024-11-26T15:17:25+00:00\",\"dateModified\":\"2025-07-06T21:58:29+00:00\",\"breadcrumb\":{\"@id\":\"https:\\\/\\\/thecoosyheavens.com\\\/actualites\\\/#breadcrumb\"},\"inLanguage\":\"en-US\",\"potentialAction\":[{\"@type\":\"ReadAction\",\"target\":[\"https:\\\/\\\/thecoosyheavens.com\\\/actualites\\\/\"]}]},{\"@type\":\"ImageObject\",\"inLanguage\":\"en-US\",\"@id\":\"https:\\\/\\\/thecoosyheavens.com\\\/actualites\\\/#primaryimage\",\"url\":\"https:\\\/\\\/thecoosyheavens.com\\\/wp-content\\\/uploads\\\/2024\\\/11\\\/1-1.png\",\"contentUrl\":\"https:\\\/\\\/thecoosyheavens.com\\\/wp-content\\\/uploads\\\/2024\\\/11\\\/1-1.png\"},{\"@type\":\"BreadcrumbList\",\"@id\":\"https:\\\/\\\/thecoosyheavens.com\\\/actualites\\\/#breadcrumb\",\"itemListElement\":[{\"@type\":\"ListItem\",\"position\":1,\"name\":\"Accueil\",\"item\":\"https:\\\/\\\/thecoosyheavens.com\\\/\"},{\"@type\":\"ListItem\",\"position\":2,\"name\":\"Actualit\u00e9s\"}]},{\"@type\":\"WebSite\",\"@id\":\"https:\\\/\\\/thecoosyheavens.com\\\/#website\",\"url\":\"https:\\\/\\\/thecoosyheavens.com\\\/\",\"name\":\"The Coosy Heavens\",\"description\":\"Conciergerie \u00e0 Paris et en r\u00e9gion parisienne !\",\"publisher\":{\"@id\":\"https:\\\/\\\/thecoosyheavens.com\\\/#organization\"},\"potentialAction\":[{\"@type\":\"SearchAction\",\"target\":{\"@type\":\"EntryPoint\",\"urlTemplate\":\"https:\\\/\\\/thecoosyheavens.com\\\/?s={search_term_string}\"},\"query-input\":{\"@type\":\"PropertyValueSpecification\",\"valueRequired\":true,\"valueName\":\"search_term_string\"}}],\"inLanguage\":\"en-US\"},{\"@type\":\"Organization\",\"@id\":\"https:\\\/\\\/thecoosyheavens.com\\\/#organization\",\"name\":\"The Coosy Heavens\",\"url\":\"https:\\\/\\\/thecoosyheavens.com\\\/\",\"logo\":{\"@type\":\"ImageObject\",\"inLanguage\":\"en-US\",\"@id\":\"https:\\\/\\\/thecoosyheavens.com\\\/#\\\/schema\\\/logo\\\/image\\\/\",\"url\":\"https:\\\/\\\/thecoosyheavens.com\\\/wp-content\\\/uploads\\\/2024\\\/07\\\/Taille_originale__Creme_et_Noir_Naturel_Maquillage_Beaute_Logo-2-removebg-preview.png\",\"contentUrl\":\"https:\\\/\\\/thecoosyheavens.com\\\/wp-content\\\/uploads\\\/2024\\\/07\\\/Taille_originale__Creme_et_Noir_Naturel_Maquillage_Beaute_Logo-2-removebg-preview.png\",\"width\":500,\"height\":500,\"caption\":\"The Coosy Heavens\"},\"image\":{\"@id\":\"https:\\\/\\\/thecoosyheavens.com\\\/#\\\/schema\\\/logo\\\/image\\\/\"}}]}<\/script>\n<!-- \/ Yoast SEO plugin. -->","yoast_head_json":{"title":"Actualit\u00e9s - The Coosy Heavens","robots":{"index":"index","follow":"follow","max-snippet":"max-snippet:-1","max-image-preview":"max-image-preview:large","max-video-preview":"max-video-preview:-1"},"canonical":"https:\/\/thecoosyheavens.com\/en\/actualites\/","og_locale":"en_US","og_type":"article","og_title":"Actualit\u00e9s - The Coosy Heavens","og_description":"LES ACTUALIT\u00c9S DE THE COOSY HEAVENS\u00a0 L\u2019univers de la location courte dur\u00e9e, en un coup d\u2019\u0153il Chez The Coosy Heavens, nous vous tenons inform\u00e9(e) des derni\u00e8res nouveaut\u00e9s, \u00e9volutions r\u00e9glementaires, tendances Airbnb et \u00e9v\u00e9nements cl\u00e9s, pour faire grandir votre activit\u00e9 en toute s\u00e9r\u00e9nit\u00e9. Blog Perdu dans la gestion de sa location Lorem ipsum dolor sit amet, [&hellip;]","og_url":"https:\/\/thecoosyheavens.com\/en\/actualites\/","og_site_name":"The Coosy Heavens","article_modified_time":"2025-07-06T21:58:29+00:00","og_image":[{"url":"https:\/\/thecoosyheavens.com\/wp-content\/uploads\/2024\/11\/1-1.png","type":"","width":"","height":""}],"twitter_card":"summary_large_image","twitter_misc":{"Est. reading time":"1 minute"},"schema":{"@context":"https:\/\/schema.org","@graph":[{"@type":"WebPage","@id":"https:\/\/thecoosyheavens.com\/actualites\/","url":"https:\/\/thecoosyheavens.com\/actualites\/","name":"Actualit\u00e9s - The Coosy Heavens","isPartOf":{"@id":"https:\/\/thecoosyheavens.com\/#website"},"primaryImageOfPage":{"@id":"https:\/\/thecoosyheavens.com\/actualites\/#primaryimage"},"image":{"@id":"https:\/\/thecoosyheavens.com\/actualites\/#primaryimage"},"thumbnailUrl":"https:\/\/thecoosyheavens.com\/wp-content\/uploads\/2024\/11\/1-1.png","datePublished":"2024-11-26T15:17:25+00:00","dateModified":"2025-07-06T21:58:29+00:00","breadcrumb":{"@id":"https:\/\/thecoosyheavens.com\/actualites\/#breadcrumb"},"inLanguage":"en-US","potentialAction":[{"@type":"ReadAction","target":["https:\/\/thecoosyheavens.com\/actualites\/"]}]},{"@type":"ImageObject","inLanguage":"en-US","@id":"https:\/\/thecoosyheavens.com\/actualites\/#primaryimage","url":"https:\/\/thecoosyheavens.com\/wp-content\/uploads\/2024\/11\/1-1.png","contentUrl":"https:\/\/thecoosyheavens.com\/wp-content\/uploads\/2024\/11\/1-1.png"},{"@type":"BreadcrumbList","@id":"https:\/\/thecoosyheavens.com\/actualites\/#breadcrumb","itemListElement":[{"@type":"ListItem","position":1,"name":"Accueil","item":"https:\/\/thecoosyheavens.com\/"},{"@type":"ListItem","position":2,"name":"Actualit\u00e9s"}]},{"@type":"WebSite","@id":"https:\/\/thecoosyheavens.com\/#website","url":"https:\/\/thecoosyheavens.com\/","name":"The Coosy Heavens","description":"Conciergerie \u00e0 Paris et en r\u00e9gion parisienne !","publisher":{"@id":"https:\/\/thecoosyheavens.com\/#organization"},"potentialAction":[{"@type":"SearchAction","target":{"@type":"EntryPoint","urlTemplate":"https:\/\/thecoosyheavens.com\/?s={search_term_string}"},"query-input":{"@type":"PropertyValueSpecification","valueRequired":true,"valueName":"search_term_string"}}],"inLanguage":"en-US"},{"@type":"Organization","@id":"https:\/\/thecoosyheavens.com\/#organization","name":"The Coosy Heavens","url":"https:\/\/thecoosyheavens.com\/","logo":{"@type":"ImageObject","inLanguage":"en-US","@id":"https:\/\/thecoosyheavens.com\/#\/schema\/logo\/image\/","url":"https:\/\/thecoosyheavens.com\/wp-content\/uploads\/2024\/07\/Taille_originale__Creme_et_Noir_Naturel_Maquillage_Beaute_Logo-2-removebg-preview.png","contentUrl":"https:\/\/thecoosyheavens.com\/wp-content\/uploads\/2024\/07\/Taille_originale__Creme_et_Noir_Naturel_Maquillage_Beaute_Logo-2-removebg-preview.png","width":500,"height":500,"caption":"The Coosy Heavens"},"image":{"@id":"https:\/\/thecoosyheavens.com\/#\/schema\/logo\/image\/"}}]}},"_links":{"self":[{"href":"https:\/\/thecoosyheavens.com\/en\/wp-json\/wp\/v2\/pages\/7444","targetHints":{"allow":["GET"]}}],"collection":[{"href":"https:\/\/thecoosyheavens.com\/en\/wp-json\/wp\/v2\/pages"}],"about":[{"href":"https:\/\/thecoosyheavens.com\/en\/wp-json\/wp\/v2\/types\/page"}],"author":[{"embeddable":true,"href":"https:\/\/thecoosyheavens.com\/en\/wp-json\/wp\/v2\/users\/2"}],"replies":[{"embeddable":true,"href":"https:\/\/thecoosyheavens.com\/en\/wp-json\/wp\/v2\/comments?post=7444"}],"version-history":[{"count":28,"href":"https:\/\/thecoosyheavens.com\/en\/wp-json\/wp\/v2\/pages\/7444\/revisions"}],"predecessor-version":[{"id":7994,"href":"https:\/\/thecoosyheavens.com\/en\/wp-json\/wp\/v2\/pages\/7444\/revisions\/7994"}],"wp:attachment":[{"href":"https:\/\/thecoosyheavens.com\/en\/wp-json\/wp\/v2\/media?parent=7444"}],"curies":[{"name":"wp","href":"https:\/\/api.w.org\/{rel}","templated":true}]}}